{"id":142,"date":"2025-07-22T09:08:19","date_gmt":"2025-07-22T09:08:19","guid":{"rendered":"https:\/\/theraipy.net\/?page_id=142"},"modified":"2025-07-22T09:09:59","modified_gmt":"2025-07-22T09:09:59","slug":"contacta-con-nosotros","status":"publish","type":"page","link":"https:\/\/theraipy.net\/index.php\/contacta-con-nosotros\/","title":{"rendered":"Contacta con nosotros"},"content":{"rendered":"\n<div class=\"wp-block-group has-global-padding is-layout-constrained wp-block-group-is-layout-constrained\">\n<p>\u00bfTienes alguna pregunta, sugerencia o necesitas m\u00e1s informaci\u00f3n? Estamos aqu\u00ed para ayudarte.<br>Puedes ponerte en contacto con nuestro equipo a trav\u00e9s del siguiente enlace:<\/p>\n\n\n\n<p><a href=\"https:\/\/support.anaimo.com\">https:\/\/support.anaimo.com<\/a><\/p>\n<\/div>\n\n\n\n<div class=\"wp-block-group has-global-padding is-layout-constrained wp-block-group-is-layout-constrained\">\n<p><strong>Recuerda:<\/strong> Si te encuentras en una situaci\u00f3n de emergencia o riesgo inmediato, <strong>llama al 112<\/strong>. Es el n\u00famero de atenci\u00f3n urgente y est\u00e1 disponible las 24 horas.<\/p>\n<\/div>\n\n\n\n<div style=\"height:117px\" aria-hidden=\"true\" class=\"wp-block-spacer\"><\/div>\n\n\n\n<p><\/p>\n","protected":false},"excerpt":{"rendered":"<p>\u00bfTienes alguna pregunta, sugerencia o necesitas m\u00e1s informaci\u00f3n? Estamos aqu\u00ed para ayudarte.Puedes ponerte en contacto con nuestro equipo a trav\u00e9s del siguiente enlace: https:\/\/support.anaimo.com Recuerda: Si te encuentras en una situaci\u00f3n de emergencia o riesgo inmediato, llama al 112. Es el n\u00famero de atenci\u00f3n urgente y est\u00e1 disponible las 24 horas.<\/p>\n","protected":false},"author":1,"featured_media":0,"parent":0,"menu_order":0,"comment_status":"closed","ping_status":"closed","template":"","meta":{"footnotes":""},"class_list":["post-142","page","type-page","status-publish","hentry"],"_links":{"self":[{"href":"https:\/\/theraipy.net\/index.php\/wp-json\/wp\/v2\/pages\/142","targetHints":{"allow":["GET"]}}],"collection":[{"href":"https:\/\/theraipy.net\/index.php\/wp-json\/wp\/v2\/pages"}],"about":[{"href":"https:\/\/theraipy.net\/index.php\/wp-json\/wp\/v2\/types\/page"}],"author":[{"embeddable":true,"href":"https:\/\/theraipy.net\/index.php\/wp-json\/wp\/v2\/users\/1"}],"replies":[{"embeddable":true,"href":"https:\/\/theraipy.net\/index.php\/wp-json\/wp\/v2\/comments?post=142"}],"version-history":[{"count":3,"href":"https:\/\/theraipy.net\/index.php\/wp-json\/wp\/v2\/pages\/142\/revisions"}],"predecessor-version":[{"id":146,"href":"https:\/\/theraipy.net\/index.php\/wp-json\/wp\/v2\/pages\/142\/revisions\/146"}],"wp:attachment":[{"href":"https:\/\/theraipy.net\/index.php\/wp-json\/wp\/v2\/media?parent=142"}],"curies":[{"name":"wp","href":"https:\/\/api.w.org\/{rel}","templated":true}]}}